{"id":40,"date":"2018-11-05T23:35:49","date_gmt":"2018-11-06T01:35:49","guid":{"rendered":"http:\/\/localhost\/africanias\/?page_id=40"},"modified":"2018-11-05T23:35:49","modified_gmt":"2018-11-06T01:35:49","slug":"parceiros","status":"publish","type":"page","link":"http:\/\/africaniasufrj.com.br\/index.php\/sobre\/parceiros\/","title":{"rendered":"Institui\u00e7\u00f5es e Pesquisadores Parceiros"},"content":{"rendered":"<ul>\n<li><strong>CEA (Centro de Estudos Africanos) da UFMG<\/strong><br \/>\nPesquisadora: Dra S\u00f4nia Queiroz (Faculdade de Letras \u2013 UFMG)<\/li>\n<\/ul>\n<ul>\n<li><strong>NEAB (N\u00facleo de Estudos Africanos) do CEFET<\/strong><br \/>\nPesquisadora: Dra. Elis\u00e2ngela Santos<\/li>\n<\/ul>\n<ul>\n<li><strong>Afox\u00e9 \u00d3m\u00f3 If\u00e1<\/strong><br \/>\nPesquisador: Babalorix\u00e1 Sandro Fatorere<\/li>\n<\/ul>\n","protected":false},"excerpt":{"rendered":"<p>CEA (Centro de Estudos Africanos) da UFMG Pesquisadora: Dra S\u00f4nia Queiroz (Faculdade de Letras \u2013 UFMG) NEAB (N\u00facleo de Estudos Africanos) do CEFET Pesquisadora: Dra. Elis\u00e2ngela Santos Afox\u00e9 \u00d3m\u00f3 If\u00e1 Pesquisador: Babalorix\u00e1 Sandro Fatorere<\/p>\n","protected":false},"author":2,"featured_media":0,"parent":148,"menu_order":0,"comment_status":"closed","ping_status":"closed","template":"","meta":{"footnotes":""},"_links":{"self":[{"href":"http:\/\/africaniasufrj.com.br\/index.php\/wp-json\/wp\/v2\/pages\/40"}],"collection":[{"href":"http:\/\/africaniasufrj.com.br\/index.php\/wp-json\/wp\/v2\/pages"}],"about":[{"href":"http:\/\/africaniasufrj.com.br\/index.php\/wp-json\/wp\/v2\/types\/page"}],"author":[{"embeddable":true,"href":"http:\/\/africaniasufrj.com.br\/index.php\/wp-json\/wp\/v2\/users\/2"}],"replies":[{"embeddable":true,"href":"http:\/\/africaniasufrj.com.br\/index.php\/wp-json\/wp\/v2\/comments?post=40"}],"version-history":[{"count":0,"href":"http:\/\/africaniasufrj.com.br\/index.php\/wp-json\/wp\/v2\/pages\/40\/revisions"}],"up":[{"embeddable":true,"href":"http:\/\/africaniasufrj.com.br\/index.php\/wp-json\/wp\/v2\/pages\/148"}],"wp:attachment":[{"href":"http:\/\/africaniasufrj.com.br\/index.php\/wp-json\/wp\/v2\/media?parent=40"}],"curies":[{"name":"wp","href":"https:\/\/api.w.org\/{rel}","templated":true}]}}