{"id":324,"date":"2018-11-27T16:45:59","date_gmt":"2018-11-27T18:45:59","guid":{"rendered":"http:\/\/africaniasufrj.com.br\/?page_id=324"},"modified":"2020-08-17T20:19:13","modified_gmt":"2020-08-17T23:19:13","slug":"producao-artistica","status":"publish","type":"page","link":"http:\/\/africaniasufrj.com.br\/index.php\/producao-artistica\/","title":{"rendered":"Produ\u00e7\u00e3o Art\u00edstica"},"content":{"rendered":"<h4 class=\"title style-scope ytd-video-primary-info-renderer\">Entrevista dada a Paula Mar da Colombia sobre m\u00fasica folcl\u00f3rica brasileira<\/h4>\n<div id=\"info\" class=\"style-scope ytd-video-primary-info-renderer\">\n<p><iframe loading=\"lazy\" title=\"Entrevista dada a Paula Mar da Colombia sobre  m\u00fasica folcl\u00f3rica brasileira\" width=\"1140\" height=\"855\" src=\"https:\/\/www.youtube.com\/embed\/NwLHBUt0t0o?feature=oembed\" frameborder=\"0\" allow=\"accelerometer; autoplay; encrypted-media; gyroscope; picture-in-picture\" allowfullscreen><\/iframe><\/p>\n<\/div>\n<h4><\/h4>\n<h4>FESTA DE SANTO &#8211; The concert brings songs inspired by Afro-Brazilian and indigenous songs arranged for piano, contrabass, singing and percussion.<\/h4>\n<p><iframe loading=\"lazy\" title=\"FESTA DE SANTO - The concert brings songs inspired by Afro-Brazilian and indigenous songs arranged for piano, contrabass, singing and percussion\" width=\"1140\" height=\"641\" src=\"https:\/\/www.youtube.com\/embed\/videoseries?list=PL5p5PEHD40OFKNlA5WbUlrmi11NDefJAZ\" frameborder=\"0\" allow=\"accelerometer; autoplay; encrypted-media; gyroscope; picture-in-picture\" allowfullscreen><\/iframe><\/p>\n<h4 class=\"title style-scope ytd-video-primary-info-renderer\">Hekel Tavares &#8211; Scenas Coloniais 1870<\/h4>\n<p><iframe loading=\"lazy\" title=\"Hekel Tavares - Scenas Coloniais 1870\" width=\"1140\" height=\"641\" src=\"https:\/\/www.youtube.com\/embed\/5AyZsaq5_zI?feature=oembed\" frameborder=\"0\" allow=\"accelerometer; autoplay; encrypted-media; gyroscope; picture-in-picture\" allowfullscreen><\/iframe><\/p>\n<h4 class=\"title style-scope ytd-video-primary-info-renderer\">A coieita &#8211; Francisco Mignone (Vivian Fr\u00f3es e Viviane Sobral)<\/h4>\n<p><iframe loading=\"lazy\" title=\"A coieita - Francisco Mignone (Vivian Fr\u00f3es)\" width=\"1140\" height=\"641\" src=\"https:\/\/www.youtube.com\/embed\/Yb-pELBvlIY?feature=oembed\" frameborder=\"0\" allow=\"accelerometer; autoplay; encrypted-media; gyroscope; picture-in-picture\" allowfullscreen><\/iframe><\/p>\n<h4>Teus \u00f3io &#8211; Ary Barroso<\/h4>\n<p><iframe loading=\"lazy\" title=\"Teus \u00f3io - Ary Barroso\" width=\"1140\" height=\"641\" src=\"https:\/\/www.youtube.com\/embed\/m6dFyR9-znQ?feature=oembed\" frameborder=\"0\" allow=\"accelerometer; autoplay; encrypted-media; gyroscope; picture-in-picture\" allowfullscreen><\/iframe><\/p>\n<h4 class=\"title style-scope ytd-video-primary-info-renderer\">Bar\u00e1 &#8211; Compositor: Liduino Pitombeira<\/h4>\n<p><iframe loading=\"lazy\" title=\"Bar\u00e1 - Compositor: Liduino Pitombeira\" width=\"1140\" height=\"641\" src=\"https:\/\/www.youtube.com\/embed\/9HeHcNJBl5c?feature=oembed\" frameborder=\"0\" allow=\"accelerometer; autoplay; encrypted-media; gyroscope; picture-in-picture\" allowfullscreen><\/iframe><\/p>\n<h4 class=\"title style-scope ytd-video-primary-info-renderer\">Nosso am\u00f4 veio dum sonho &#8211; Ary Barroso e Carmen Miranda<\/h4>\n<p><iframe loading=\"lazy\" title=\"Nosso am\u00f4 veio dum sonho - Ary Barroso e Carmen Miranda\" width=\"1140\" height=\"641\" src=\"https:\/\/www.youtube.com\/embed\/pDH4PxnOpJ0?feature=oembed\" frameborder=\"0\" allow=\"accelerometer; autoplay; encrypted-media; gyroscope; picture-in-picture\" allowfullscreen><\/iframe><\/p>\n<h4 class=\"title style-scope ytd-video-primary-info-renderer\">C\u00e2nticos de Obaluay\u00ea<\/h4>\n<p><iframe loading=\"lazy\" title=\"C\u00e2nticos de Obaluay\u00ea\" width=\"1140\" height=\"641\" src=\"https:\/\/www.youtube.com\/embed\/u9H0OIApn-I?feature=oembed\" frameborder=\"0\" allow=\"accelerometer; autoplay; encrypted-media; gyroscope; picture-in-picture\" allowfullscreen><\/iframe><\/p>\n<h4 class=\"title style-scope ytd-video-primary-info-renderer\">Marcelo N\u00e9 &#8211; Na Batucada da Vida<\/h4>\n<p><iframe loading=\"lazy\" title=\"Marcelo N\u00e9 - Na Batucada da Vida\" width=\"1140\" height=\"641\" src=\"https:\/\/www.youtube.com\/embed\/dYIp3T-NSsI?feature=oembed\" frameborder=\"0\" allow=\"accelerometer; autoplay; encrypted-media; gyroscope; picture-in-picture\" allowfullscreen><\/iframe><\/p>\n<h4 class=\"title style-scope ytd-video-primary-info-renderer\">Conservat\u00f3rio UFMG sedia 5\u00ba Semin\u00e1rio da Can\u00e7\u00e3o Brasileira<\/h4>\n<p><iframe loading=\"lazy\" title=\"Conservat\u00f3rio UFMG sedia 5\u00ba Semin\u00e1rio da Can\u00e7\u00e3o Brasileira\" width=\"1140\" height=\"641\" src=\"https:\/\/www.youtube.com\/embed\/R6XY6EEsavs?feature=oembed\" frameborder=\"0\" allow=\"accelerometer; autoplay; encrypted-media; gyroscope; picture-in-picture\" allowfullscreen><\/iframe><\/p>\n<h4 class=\"title style-scope ytd-video-primary-info-renderer\">Africanias mostra legado negro na m\u00fasica erudita brasileira<\/h4>\n<p><iframe loading=\"lazy\" title=\"Africanias mostra legado negro na m\u00fasica erudita brasileira\" width=\"1140\" height=\"641\" src=\"https:\/\/www.youtube.com\/embed\/GVYwi8Wb0xk?feature=oembed\" frameborder=\"0\" allow=\"accelerometer; autoplay; encrypted-media; gyroscope; picture-in-picture\" allowfullscreen><\/iframe><\/p>\n<h4 class=\"title style-scope ytd-video-primary-info-renderer\">Pombagira na UFRJ<\/h4>\n<p><iframe loading=\"lazy\" title=\"Pombagira na UFRJ\" width=\"1140\" height=\"641\" src=\"https:\/\/www.youtube.com\/embed\/rKJ16HEb0w0?feature=oembed\" frameborder=\"0\" allow=\"accelerometer; autoplay; encrypted-media; gyroscope; picture-in-picture\" allowfullscreen><\/iframe><\/p>\n<h4 class=\"title style-scope ytd-video-primary-info-renderer\">AFRICANIAS &#8211; Escola de M\u00fasica da UFRJ &#8211; NOV 2017<\/h4>\n<p><iframe loading=\"lazy\" title=\"AFRICANIAS - Escola de M\u00fasica da UFRJ - NOV 2107\" width=\"1140\" height=\"641\" src=\"https:\/\/www.youtube.com\/embed\/LyhsEdDpbLE?feature=oembed\" frameborder=\"0\" allow=\"accelerometer; autoplay; encrypted-media; gyroscope; picture-in-picture\" allowfullscreen><\/iframe><\/p>\n<h4 class=\"title style-scope ytd-video-primary-info-renderer\">Africanias 2018 | Afox\u00e9 \u00d3m\u00f3 If\u00e1 na UFRJ<\/h4>\n<p><iframe loading=\"lazy\" title=\"Africanias 2018 | Afox\u00e9 \u00d3m\u00f3 If\u00e1 na UFRJ\" width=\"1140\" height=\"641\" src=\"https:\/\/www.youtube.com\/embed\/3K5DofupHU8?feature=oembed\" frameborder=\"0\" allow=\"accelerometer; autoplay; encrypted-media; gyroscope; picture-in-picture\" allowfullscreen><\/iframe><\/p>\n<h4 class=\"title style-scope ytd-video-primary-info-renderer\">Apresenta\u00e7\u00e3o musical do Africanias no I Encontro da Associa\u00e7\u00e3o Brasileira de Estudos Africanos.<\/h4>\n<p><iframe loading=\"lazy\" title=\"Apresenta\u00e7\u00e3o musical do Africanias no I Encontro da Associa\u00e7\u00e3o Brasileira de Estudos Africanos.\" width=\"1140\" height=\"641\" src=\"https:\/\/www.youtube.com\/embed\/1rHOmhUOKfA?feature=oembed\" frameborder=\"0\" allow=\"accelerometer; autoplay; encrypted-media; gyroscope; picture-in-picture\" allowfullscreen><\/iframe><\/p>\n<h4 class=\"title style-scope ytd-video-primary-info-renderer\">Jos\u00e9 Siqueira<\/h4>\n<p><iframe loading=\"lazy\" title=\"Jos\u00e9 Siqueira\" width=\"1140\" height=\"641\" src=\"https:\/\/www.youtube.com\/embed\/F7-wFqbDIu0?feature=oembed\" frameborder=\"0\" allow=\"accelerometer; autoplay; encrypted-media; gyroscope; picture-in-picture\" allowfullscreen><\/iframe><\/p>\n<h4 style=\"text-align: left;\">Cantos Proverbiais Africanos &#8211; Duo Adour<\/h4>\n<p><iframe loading=\"lazy\" title=\"Cantos Proverbiais Africanos  - Duo Adour\" width=\"1140\" height=\"641\" src=\"https:\/\/www.youtube.com\/embed\/9EAJB0fgP0M?feature=oembed\" frameborder=\"0\" allow=\"accelerometer; autoplay; encrypted-media; gyroscope; picture-in-picture\" allowfullscreen><\/iframe><\/p>\n<h4>Semin\u00e1rio Desigualdades na Educa\u00e7\u00e3o: Africanias<\/h4>\n<p><iframe loading=\"lazy\" title=\"Semin\u00e1rio Desigualdades na Educa\u00e7\u00e3o: Africanias\" width=\"1140\" height=\"641\" src=\"https:\/\/www.youtube.com\/embed\/7b9xwOBAUZY?feature=oembed\" frameborder=\"0\" allow=\"accelerometer; autoplay; encrypted-media; gyroscope; picture-in-picture\" allowfullscreen><\/iframe><\/p>\n<h4>Lyra, Eduardo<\/h4>\n<p><a href=\"https:\/\/soundcloud.com\/eduardo-lyra\" target=\"_blank\" rel=\"noopener noreferrer\">https:\/\/soundcloud.com\/eduardo-lyra<\/a><\/p>\n<h3>Reportagens<\/h3>\n<h4>&#8220;Jornada Africanias&#8221;: heran\u00e7a africana na m\u00fasica erudita brasileira &#8211; REDE TVT<\/h4>\n<p><iframe loading=\"lazy\" title=\"&quot;Jornada Africanias&quot;: heran\u00e7a africana na m\u00fasica erudita brasileira\" width=\"1140\" height=\"641\" src=\"https:\/\/www.youtube.com\/embed\/PS4UkySlQAw?feature=oembed\" frameborder=\"0\" allow=\"accelerometer; autoplay; encrypted-media; gyroscope; picture-in-picture\" allowfullscreen><\/iframe><\/p>\n<h4>&#8220;Africanias: linguagens, culturas, hist\u00f3rias&#8221; \u00e9 tema de semin\u00e1rio do CEA &#8211; TV UFMG<\/h4>\n<p><iframe loading=\"lazy\" title=\"&quot;Africanias: linguagens, culturas, hist\u00f3rias&quot; \u00e9 tema de semin\u00e1rio do CEA - UFMG\" width=\"1140\" height=\"641\" src=\"https:\/\/www.youtube.com\/embed\/IriXnbNgLeY?feature=oembed\" frameborder=\"0\" allow=\"accelerometer; autoplay; encrypted-media; gyroscope; picture-in-picture\" allowfullscreen><\/iframe><\/p>\n","protected":false},"excerpt":{"rendered":"<p>Entrevista dada a Paula Mar da Colombia sobre m\u00fasica folcl\u00f3rica brasileira FESTA DE SANTO &#8211; The concert brings songs inspired by Afro-Brazilian and indigenous songs arranged for piano, contrabass, singing and percussion. Hekel Tavares &#8211; Scenas Coloniais 1870 A coieita &#8211; Francisco Mignone (Vivian Fr\u00f3es e Viviane Sobral) Teus \u00f3io &#8211; Ary Barroso Bar\u00e1 &#8211;&#8230;<\/p>\n<p class=\"more-link\"><a href=\"http:\/\/africaniasufrj.com.br\/index.php\/producao-artistica\/\"><span>Read More<\/span><i>&#43;<\/i><\/a><\/p>\n","protected":false},"author":1,"featured_media":0,"parent":0,"menu_order":0,"comment_status":"closed","ping_status":"closed","template":"","meta":{"footnotes":""},"_links":{"self":[{"href":"http:\/\/africaniasufrj.com.br\/index.php\/wp-json\/wp\/v2\/pages\/324"}],"collection":[{"href":"http:\/\/africaniasufrj.com.br\/index.php\/wp-json\/wp\/v2\/pages"}],"about":[{"href":"http:\/\/africaniasufrj.com.br\/index.php\/wp-json\/wp\/v2\/types\/page"}],"author":[{"embeddable":true,"href":"http:\/\/africaniasufrj.com.br\/index.php\/wp-json\/wp\/v2\/users\/1"}],"replies":[{"embeddable":true,"href":"http:\/\/africaniasufrj.com.br\/index.php\/wp-json\/wp\/v2\/comments?post=324"}],"version-history":[{"count":8,"href":"http:\/\/africaniasufrj.com.br\/index.php\/wp-json\/wp\/v2\/pages\/324\/revisions"}],"predecessor-version":[{"id":448,"href":"http:\/\/africaniasufrj.com.br\/index.php\/wp-json\/wp\/v2\/pages\/324\/revisions\/448"}],"wp:attachment":[{"href":"http:\/\/africaniasufrj.com.br\/index.php\/wp-json\/wp\/v2\/media?parent=324"}],"curies":[{"name":"wp","href":"https:\/\/api.w.org\/{rel}","templated":true}]}}